{"id":22269,"date":"2020-05-26T11:54:24","date_gmt":"2020-05-26T09:54:24","guid":{"rendered":"http:\/\/ecolesainteanne-plouguin.fr\/?page_id=22269"},"modified":"2020-05-26T11:54:24","modified_gmt":"2020-05-26T09:54:24","slug":"eco-ecole","status":"publish","type":"page","link":"http:\/\/ecolesainteanne-plouguin.fr\/?page_id=22269","title":{"rendered":"\u00e9co-\u00e9cole"},"content":{"rendered":"<div id=\"pl-22269\"  class=\"panel-layout\" ><div id=\"pg-22269-0\"  class=\"panel-grid panel-no-style\" ><div id=\"pgc-22269-0-0\"  class=\"panel-grid-cell\" ><div id=\"panel-22269-0-0-0\" class=\"so-panel widget widget_media_image panel-first-child panel-last-child\" data-index=\"0\" ><img width=\"179\" height=\"179\" src=\"http:\/\/ecolesainteanne-plouguin.fr\/wp-content\/uploads\/2020\/05\/logo-eco-ecole.png\" class=\"image wp-image-22319  attachment-full size-full\" alt=\"\" loading=\"lazy\" style=\"max-width: 100%; height: auto;\" srcset=\"http:\/\/ecolesainteanne-plouguin.fr\/wp-content\/uploads\/2020\/05\/logo-eco-ecole.png 179w, http:\/\/ecolesainteanne-plouguin.fr\/wp-content\/uploads\/2020\/05\/logo-eco-ecole-150x150.png 150w\" sizes=\"(max-width: 179px) 100vw, 179px\" \/><\/div><\/div><div id=\"pgc-22269-0-1\"  class=\"panel-grid-cell\" ><div id=\"panel-22269-0-1-0\" class=\"so-panel widget widget_sow-editor panel-first-child panel-last-child\" data-index=\"1\" ><div\n\t\t\t\n\t\t\tclass=\"so-widget-sow-editor so-widget-sow-editor-base\"\n\t\t\t\n\t\t>\n<div class=\"siteorigin-widget-tinymce textwidget\">\n\t<p>Eco-Ecole est la version fran\u00e7aise&nbsp;<strong>d\u2019Eco-Schools, programme international d\u2019\u00e9ducation au d\u00e9veloppement durable (EDD),&nbsp;<\/strong>d\u00e9velopp\u00e9 par la&nbsp;<u><a href=\"https:\/\/www.fee.global\/\" target=\"_blank\" rel=\"noopener noreferrer\">Foundation for Environmental Education<\/a><\/u>. L\u2019association Teragir a lanc\u00e9 le programme Eco-Ecole en 2005. Le programme vise \u00e0 aider les \u00e9l\u00e8ves \u00e0 mieux comprendre le monde qui les entoure pour s\u2019y \u00e9panouir et&nbsp; y participer. Il repose sur&nbsp;<strong>la mobilisation de l\u2019ensemble des acteurs d\u2019un \u00e9tablissement scolaire<\/strong>&nbsp;(\u00e9l\u00e8ves, enseignants, direction, personnels administratifs et techniques, etc.) mais \u00e9galement&nbsp;<strong>du territoire<\/strong>&nbsp;(collectivit\u00e9s, associations, parents d\u2019\u00e9l\u00e8ves, etc.). Depuis son lancement, le programme Eco-Ecole b\u00e9n\u00e9ficie du soutien du&nbsp;Minist\u00e8re de l\u2019Education nationale. Ce partenariat s\u2019est traduit en janvier 2017 par la signature d\u2019un accord-cadre de coop\u00e9ration pour l\u2019EDD.<\/p>\n<\/div>\n<\/div><\/div><\/div><\/div><div id=\"pg-22269-1\"  class=\"panel-grid panel-no-style\" ><div id=\"pgc-22269-1-0\"  class=\"panel-grid-cell\" ><div id=\"panel-22269-1-0-0\" class=\"so-panel widget widget_tw-recent-posts tw-recent-posts panel-first-child panel-last-child\" data-index=\"2\" >\r\n<div class=\"featured-posts textwidget\">\r\n\t<div class=\"featured-post\">\r\n\r\n\t\t\t<h4>\r\n            <a href=\"http:\/\/ecolesainteanne-plouguin.fr\/?p=22386\" rel=\"bookmark\" title=\"Sainte-Anne obtient le Label Eco-Ecole !\">\r\n                Sainte-Anne obtient le Label Eco-Ecole !            <\/a>\r\n        <\/h4>\r\n\t\r\n\t\r\n\t\r\n\t\r\n\t\t<div class=\"clear\"><\/div>\r\n\t<\/div>\r\n<\/div>\r\n<\/div><\/div><\/div><\/div>","protected":false},"excerpt":{"rendered":"<p>Eco-Ecole est la version fran\u00e7aise&nbsp;d\u2019Eco-Schools, programme international d\u2019\u00e9ducation au d\u00e9veloppement durable (EDD),&nbsp;d\u00e9velopp\u00e9 par la&nbsp;Foundation for Environmental Education. L\u2019association Teragir a lanc\u00e9 le programme Eco-Ecole en 2005. Le programme vise \u00e0 aider les \u00e9l\u00e8ves \u00e0 mieux comprendre le monde qui les entoure pour s\u2019y \u00e9panouir et&nbsp; y participer. Il repose sur&nbsp;la mobilisation de l\u2019ensemble des acteurs&#8230;<\/p>\n","protected":false},"author":1,"featured_media":0,"parent":0,"menu_order":0,"comment_status":"closed","ping_status":"closed","template":"full-width-page.php","meta":{"ngg_post_thumbnail":0},"_links":{"self":[{"href":"http:\/\/ecolesainteanne-plouguin.fr\/index.php?rest_route=\/wp\/v2\/pages\/22269"}],"collection":[{"href":"http:\/\/ecolesainteanne-plouguin.fr\/index.php?rest_route=\/wp\/v2\/pages"}],"about":[{"href":"http:\/\/ecolesainteanne-plouguin.fr\/index.php?rest_route=\/wp\/v2\/types\/page"}],"author":[{"embeddable":true,"href":"http:\/\/ecolesainteanne-plouguin.fr\/index.php?rest_route=\/wp\/v2\/users\/1"}],"replies":[{"embeddable":true,"href":"http:\/\/ecolesainteanne-plouguin.fr\/index.php?rest_route=%2Fwp%2Fv2%2Fcomments&post=22269"}],"version-history":[{"count":12,"href":"http:\/\/ecolesainteanne-plouguin.fr\/index.php?rest_route=\/wp\/v2\/pages\/22269\/revisions"}],"predecessor-version":[{"id":22325,"href":"http:\/\/ecolesainteanne-plouguin.fr\/index.php?rest_route=\/wp\/v2\/pages\/22269\/revisions\/22325"}],"wp:attachment":[{"href":"http:\/\/ecolesainteanne-plouguin.fr\/index.php?rest_route=%2Fwp%2Fv2%2Fmedia&parent=22269"}],"curies":[{"name":"wp","href":"https:\/\/api.w.org\/{rel}","templated":true}]}}