{"id":34,"date":"2015-06-27T07:28:36","date_gmt":"2015-06-27T07:28:36","guid":{"rendered":"http:\/\/ecolesainteanne-plouguin.fr\/?page_id=34"},"modified":"2025-01-13T13:57:38","modified_gmt":"2025-01-13T12:57:38","slug":"inscription","status":"publish","type":"page","link":"http:\/\/ecolesainteanne-plouguin.fr\/?page_id=34","title":{"rendered":"Inscriptions"},"content":{"rendered":"<p>Si vous souhaitez inscrire votre enfant \u00e0 l&rsquo;\u00e9cole Sainte-Anne, n&rsquo;h\u00e9sitez pas \u00e0 prendre contact avec le Chef d&rsquo;\u00e9tablissement, Delphine KERGUILLEC.\u00a0 Vous pouvez appeler au : <span class=\"\" style=\"display:block;clear:both;height: 0px;padding-top: 20px;border-top-width:0px;border-bottom-width:0px;\"><\/span><\/p>\n<p style=\"text-align: center;\">02 98 89 23 43<\/p>\n<p>ou envoyer un mail \u00e0 :<span class=\"\" style=\"display:block;clear:both;height: 0px;padding-top: 20px;border-top-width:0px;border-bottom-width:0px;\"><\/span><\/p>\n<h3 style=\"text-align: center;\">eco29.ste-anne.plouguin@<wbr \/>e-c.bzh <span class=\"\" style=\"display:block;clear:both;height: 0px;padding-top: 20px;border-top-width:0px;border-bottom-width:0px;\"><\/span><\/h3>\n<p><span style=\"color: #000080;\"><em>Les enfants n\u00e9s en 2022 et 2023 peuvent \u00eatre inscrits \u00e0 l&rsquo;\u00e9cole d\u00e8s \u00e0 pr\u00e9sent.<br \/>\n<\/em><\/span><\/p>\n<p><span class=\"\" style=\"display:block;clear:both;height: 0px;padding-top: 20px;border-top-width:0px;border-bottom-width:0px;\"><\/span><\/p>\n<p>Vous trouverez ci-dessous les documents \u00e0 remplir :<\/p>\n<p><a href=\"http:\/\/ecolesainteanne-plouguin.fr\/wp-content\/uploads\/2020\/04\/1-FICHE-dinscription-SAINTE-ANNE-V2-PDF.pdf\">1- FICHE d&rsquo;inscription SAINTE ANNE V2 PDF<\/a><\/p>\n<p><a href=\"http:\/\/ecolesainteanne-plouguin.fr\/wp-content\/uploads\/2020\/04\/2-Fiche-annuelle-de-renseignements-PDF.pdf\">2 &#8211; Fiche annuelle de renseignements PDF<\/a><\/p>\n<p>Pour finaliser l&rsquo;inscription, vous seront demand\u00e9es les photocopies du <strong>livret de famille<\/strong> et du <strong>carnet de sant\u00e9 (vaccins)<\/strong>.<\/p>\n","protected":false},"excerpt":{"rendered":"<p>Si vous souhaitez inscrire votre enfant \u00e0 l&rsquo;\u00e9cole Sainte-Anne, n&rsquo;h\u00e9sitez pas \u00e0 prendre contact avec le Chef d&rsquo;\u00e9tablissement, Delphine KERGUILLEC.\u00a0 Vous pouvez appeler au : 02 98 89 23 43 ou envoyer un mail \u00e0 : eco29.ste-anne.plouguin@e-c.bzh Les enfants n\u00e9s en 2022 et 2023 peuvent \u00eatre inscrits \u00e0 l&rsquo;\u00e9cole d\u00e8s \u00e0 pr\u00e9sent. Vous trouverez ci-dessous&#8230;<\/p>\n","protected":false},"author":1,"featured_media":0,"parent":16,"menu_order":4,"comment_status":"closed","ping_status":"closed","template":"full-width-page.php","meta":{"ngg_post_thumbnail":0},"_links":{"self":[{"href":"http:\/\/ecolesainteanne-plouguin.fr\/index.php?rest_route=\/wp\/v2\/pages\/34"}],"collection":[{"href":"http:\/\/ecolesainteanne-plouguin.fr\/index.php?rest_route=\/wp\/v2\/pages"}],"about":[{"href":"http:\/\/ecolesainteanne-plouguin.fr\/index.php?rest_route=\/wp\/v2\/types\/page"}],"author":[{"embeddable":true,"href":"http:\/\/ecolesainteanne-plouguin.fr\/index.php?rest_route=\/wp\/v2\/users\/1"}],"replies":[{"embeddable":true,"href":"http:\/\/ecolesainteanne-plouguin.fr\/index.php?rest_route=%2Fwp%2Fv2%2Fcomments&post=34"}],"version-history":[{"count":13,"href":"http:\/\/ecolesainteanne-plouguin.fr\/index.php?rest_route=\/wp\/v2\/pages\/34\/revisions"}],"predecessor-version":[{"id":23602,"href":"http:\/\/ecolesainteanne-plouguin.fr\/index.php?rest_route=\/wp\/v2\/pages\/34\/revisions\/23602"}],"up":[{"embeddable":true,"href":"http:\/\/ecolesainteanne-plouguin.fr\/index.php?rest_route=\/wp\/v2\/pages\/16"}],"wp:attachment":[{"href":"http:\/\/ecolesainteanne-plouguin.fr\/index.php?rest_route=%2Fwp%2Fv2%2Fmedia&parent=34"}],"curies":[{"name":"wp","href":"https:\/\/api.w.org\/{rel}","templated":true}]}}