{"id":16,"date":"2015-06-27T06:58:30","date_gmt":"2015-06-27T06:58:30","guid":{"rendered":"http:\/\/ecolesainteanne-plouguin.fr\/?page_id=16"},"modified":"2025-01-13T14:14:50","modified_gmt":"2025-01-13T13:14:50","slug":"lecole","status":"publish","type":"page","link":"https:\/\/ecolesainteanne-plouguin.fr\/?page_id=16","title":{"rendered":"Informations sur l&rsquo;\u00e9cole"},"content":{"rendered":"<div id=\"pl-16\"  class=\"panel-layout\" ><div id=\"pg-16-0\"  class=\"panel-grid panel-no-style\" ><div id=\"pgc-16-0-0\"  class=\"panel-grid-cell\" ><div id=\"panel-16-0-0-0\" class=\"so-panel widget widget_sow-image panel-first-child panel-last-child\" data-index=\"0\" ><div class=\"panel-widget-style panel-widget-style-for-16-0-0-0\" ><div\n\t\t\t\n\t\t\tclass=\"so-widget-sow-image so-widget-sow-image-default-e17c88a107a0-16\"\n\t\t\t\n\t\t>\n\n<div class=\"sow-image-container\">\n\t\t<img src=\"https:\/\/ecolesainteanne-plouguin.fr\/wp-content\/uploads\/2015\/06\/logo-tampon-\u00e9cole-projets.png\" width=\"356\" height=\"369\" srcset=\"https:\/\/ecolesainteanne-plouguin.fr\/wp-content\/uploads\/2015\/06\/logo-tampon-\u00e9cole-projets.png 356w, https:\/\/ecolesainteanne-plouguin.fr\/wp-content\/uploads\/2015\/06\/logo-tampon-\u00e9cole-projets-289x300.png 289w, https:\/\/ecolesainteanne-plouguin.fr\/wp-content\/uploads\/2015\/06\/logo-tampon-\u00e9cole-projets-300x311.png 300w\" sizes=\"(max-width: 356px) 100vw, 356px\" title=\"logo tampon \u00e9cole projets\" alt=\"\" loading=\"lazy\" \t\tclass=\"so-widget-image\"\/>\n\t<\/div>\n\n<\/div><\/div><\/div><\/div><div id=\"pgc-16-0-1\"  class=\"panel-grid-cell\" ><div id=\"panel-16-0-1-0\" class=\"so-panel widget widget_black-studio-tinymce widget_black_studio_tinymce panel-first-child panel-last-child\" data-index=\"1\" ><div class=\"textwidget\"><h2 style=\"text-align: center;\"><strong>Adresses<\/strong> :<\/h2>\n<h3 style=\"text-align: center;\">eco29.ste-anne.plouguin@<wbr \/>e-c.bzh <span class=\"\" style=\"display:block;clear:both;height: 0px;padding-top: 20px;border-top-width:0px;border-bottom-width:0px;\"><\/span><\/h3>\n<h3 style=\"text-align: center;\">8, rue Suzanne de Parceveaux 29830 Plouguin<\/h3>\n<h2 style=\"text-align: center;\"><strong>Horaires de cours :<\/strong><\/h2>\n<h3 style=\"text-align: center;\">8h45 - 12h<\/h3>\n<h3 style=\"text-align: center;\">13h30 - 16h30<\/h3>\n<h2 style=\"text-align: center;\"><strong>Accueil:<\/strong><\/h2>\n<h3 style=\"text-align: center;\">Le matin \u00e0 partir de 8h30 et l'apr\u00e8s-midi \u00e0 partir de 13h20<\/h3>\n<h2 style=\"text-align: center;\"><strong>Garderie p\u00e9riscolaire :<\/strong><\/h2>\n<h3 style=\"text-align: center;\">de 7h \u00e0 8h30 puis de 16h30 \u00e0 19h<\/h3>\n<p>&nbsp;<\/p>\n<h2 style=\"text-align: center;\"><\/h2>\n<\/div><\/div><\/div><div id=\"pgc-16-0-2\"  class=\"panel-grid-cell\" ><div id=\"panel-16-0-2-0\" class=\"so-panel widget widget_black-studio-tinymce widget_black_studio_tinymce panel-first-child\" data-index=\"2\" ><div class=\"textwidget\"><p><a href=\"http:\/\/ecolesainteanne-plouguin.fr\/?page_id=34\"><img class=\"aligncenter wp-image-19457 size-tesseract-thumbnail\" src=\"http:\/\/ecolesainteanne-plouguin.fr\/wp-content\/uploads\/2015\/06\/inscription-210x150.jpg\" alt=\"\" width=\"210\" height=\"150\"><\/a><\/p>\n<h3 style=\"text-align: center;\"><a href=\"http:\/\/ecolesainteanne-plouguin.fr\/?page_id=34\">Inscription<\/a><\/h3>\n<\/div><\/div><div id=\"panel-16-0-2-1\" class=\"so-panel widget widget_black-studio-tinymce widget_black_studio_tinymce panel-last-child\" data-index=\"3\" ><div class=\"textwidget\"><h3 style=\"text-align: center;\"><a href=\"http:\/\/ecolesainteanne-plouguin.fr\/wp-content\/uploads\/2025\/01\/PXL_20240829_120434433.MP_-scaled.jpg\"><img class=\"alignnone size-medium wp-image-23607\" src=\"http:\/\/ecolesainteanne-plouguin.fr\/wp-content\/uploads\/2025\/01\/PXL_20240829_120434433.MP_-225x300.jpg\" alt=\"\" width=\"225\" height=\"300\" \/><\/a><\/h3>\n<h3 style=\"text-align: center;\"><a href=\"http:\/\/ecolesainteanne-plouguin.fr\/?page_id=36\">Equipe \u00e9ducative<\/a><\/h3>\n<\/div><\/div><\/div><\/div><\/div>","protected":false},"excerpt":{"rendered":"<p>Adresses : eco29.ste-anne.plouguin@e-c.bzh 8, rue Suzanne de Parceveaux 29830 Plouguin Horaires de cours : 8h45 &#8211; 12h 13h30 &#8211; 16h30 Accueil: Le matin \u00e0 partir de 8h30 et l&rsquo;apr\u00e8s-midi \u00e0 partir de 13h20 Garderie p\u00e9riscolaire : de 7h \u00e0 8h30 puis de 16h30 \u00e0 19h &nbsp; Inscription Equipe \u00e9ducative<\/p>\n","protected":false},"author":1,"featured_media":0,"parent":0,"menu_order":0,"comment_status":"closed","ping_status":"closed","template":"full-width-page.php","meta":{"ngg_post_thumbnail":0},"_links":{"self":[{"href":"https:\/\/ecolesainteanne-plouguin.fr\/index.php?rest_route=\/wp\/v2\/pages\/16"}],"collection":[{"href":"https:\/\/ecolesainteanne-plouguin.fr\/index.php?rest_route=\/wp\/v2\/pages"}],"about":[{"href":"https:\/\/ecolesainteanne-plouguin.fr\/index.php?rest_route=\/wp\/v2\/types\/page"}],"author":[{"embeddable":true,"href":"https:\/\/ecolesainteanne-plouguin.fr\/index.php?rest_route=\/wp\/v2\/users\/1"}],"replies":[{"embeddable":true,"href":"https:\/\/ecolesainteanne-plouguin.fr\/index.php?rest_route=%2Fwp%2Fv2%2Fcomments&post=16"}],"version-history":[{"count":53,"href":"https:\/\/ecolesainteanne-plouguin.fr\/index.php?rest_route=\/wp\/v2\/pages\/16\/revisions"}],"predecessor-version":[{"id":23609,"href":"https:\/\/ecolesainteanne-plouguin.fr\/index.php?rest_route=\/wp\/v2\/pages\/16\/revisions\/23609"}],"wp:attachment":[{"href":"https:\/\/ecolesainteanne-plouguin.fr\/index.php?rest_route=%2Fwp%2Fv2%2Fmedia&parent=16"}],"curies":[{"name":"wp","href":"https:\/\/api.w.org\/{rel}","templated":true}]}}