{"id":22864,"date":"2021-03-25T21:21:58","date_gmt":"2021-03-25T20:21:58","guid":{"rendered":"http:\/\/ecolesainteanne-plouguin.fr\/?page_id=22864"},"modified":"2021-03-25T21:22:00","modified_gmt":"2021-03-25T20:22:00","slug":"presentation-numerique-de-lecole","status":"publish","type":"page","link":"https:\/\/ecolesainteanne-plouguin.fr\/?page_id=22864","title":{"rendered":"Pr\u00e9sentation num\u00e9rique de l&rsquo;\u00e9cole"},"content":{"rendered":"<div style=\"width: 100%;\">\n<div style=\"position: relative; padding-bottom: 50.20885547201337%; padding-top: 0; height: 0;\"><iframe loading=\"lazy\" frameborder=\"0\" width=\"1197px\" height=\"601px\" style=\"position: absolute; top: 0; left: 0; width: 100%; height: 100%;\" src=\"https:\/\/view.genial.ly\/600847d9308af00d80bac391\" type=\"text\/html\" allowscriptaccess=\"always\" allowfullscreen=\"true\" scrolling=\"yes\" allownetworking=\"all\"><\/iframe><\/div>\n<\/div>\n","protected":false},"excerpt":{"rendered":"","protected":false},"author":1,"featured_media":0,"parent":0,"menu_order":0,"comment_status":"closed","ping_status":"closed","template":"full-width-page.php","meta":{"ngg_post_thumbnail":0},"_links":{"self":[{"href":"https:\/\/ecolesainteanne-plouguin.fr\/index.php?rest_route=\/wp\/v2\/pages\/22864"}],"collection":[{"href":"https:\/\/ecolesainteanne-plouguin.fr\/index.php?rest_route=\/wp\/v2\/pages"}],"about":[{"href":"https:\/\/ecolesainteanne-plouguin.fr\/index.php?rest_route=\/wp\/v2\/types\/page"}],"author":[{"embeddable":true,"href":"https:\/\/ecolesainteanne-plouguin.fr\/index.php?rest_route=\/wp\/v2\/users\/1"}],"replies":[{"embeddable":true,"href":"https:\/\/ecolesainteanne-plouguin.fr\/index.php?rest_route=%2Fwp%2Fv2%2Fcomments&post=22864"}],"version-history":[{"count":2,"href":"https:\/\/ecolesainteanne-plouguin.fr\/index.php?rest_route=\/wp\/v2\/pages\/22864\/revisions"}],"predecessor-version":[{"id":22866,"href":"https:\/\/ecolesainteanne-plouguin.fr\/index.php?rest_route=\/wp\/v2\/pages\/22864\/revisions\/22866"}],"wp:attachment":[{"href":"https:\/\/ecolesainteanne-plouguin.fr\/index.php?rest_route=%2Fwp%2Fv2%2Fmedia&parent=22864"}],"curies":[{"name":"wp","href":"https:\/\/api.w.org\/{rel}","templated":true}]}}